{"id":15592,"date":"2024-04-19T12:46:24","date_gmt":"2024-04-19T12:46:24","guid":{"rendered":"https:\/\/aimdoll.com\/?page_id=15592"},"modified":"2024-04-24T12:42:10","modified_gmt":"2024-04-24T12:42:10","slug":"about-us","status":"publish","type":"page","link":"https:\/\/tribedoll.com\/pl\/o-nas\/","title":{"rendered":"O nas"},"content":{"rendered":"<div data-elementor-type=\"wp-page\" data-elementor-id=\"15592\" class=\"elementor elementor-15592\" data-elementor-post-type=\"page\">\n\t\t\t\t\t\t<section class=\"wd-negative-gap elementor-section elementor-top-section elementor-element elementor-element-63ccb5ca space-xlg elementor-section-boxed elementor-section-height-default elementor-section-height-default\" data-id=\"63ccb5ca\" data-element_type=\"section\">\n\t\t\t\t\t\t<div class=\"elementor-container elementor-column-gap-default\">\n\t\t\t\t\t<div class=\"elementor-column elementor-col-100 elementor-top-column elementor-element elementor-element-7328e9f9\" data-id=\"7328e9f9\" data-element_type=\"column\">\n\t\t\t<div class=\"elementor-widget-wrap elementor-element-populated\">\n\t\t\t\t\t\t<div class=\"elementor-element elementor-element-65436a36 m-t-n-xs mb-5 elementor-widget elementor-widget-heading\" data-id=\"65436a36\" data-element_type=\"widget\" data-widget_type=\"heading.default\">\n\t\t\t\t<div class=\"elementor-widget-container\">\n\t\t\t<style>\/*! elementor - v3.21.0 - 15-04-2024 *\/\n.elementor-heading-title{padding:0;margin:0;line-height:1}.elementor-widget-heading .elementor-heading-title[class*=elementor-size-]>a{color:inherit;font-size:inherit;line-height:inherit}.elementor-widget-heading .elementor-heading-title.elementor-size-small{font-size:15px}.elementor-widget-heading .elementor-heading-title.elementor-size-medium{font-size:19px}.elementor-widget-heading .elementor-heading-title.elementor-size-large{font-size:29px}.elementor-widget-heading .elementor-heading-title.elementor-size-xl{font-size:39px}.elementor-widget-heading .elementor-heading-title.elementor-size-xxl{font-size:59px}<\/style><h2 class=\"elementor-heading-title elementor-size-default\">O AINODOLLU<\/h2>\t\t<\/div>\n\t\t\t\t<\/div>\n\t\t\t\t<div class=\"elementor-element elementor-element-596e654d mb-4 elementor-widget elementor-widget-heading\" data-id=\"596e654d\" data-element_type=\"widget\" data-widget_type=\"heading.default\">\n\t\t\t\t<div class=\"elementor-widget-container\">\n\t\t\t<h3 class=\"elementor-heading-title elementor-size-default\">Kim jeste\u015bmy<\/h3>\t\t<\/div>\n\t\t\t\t<\/div>\n\t\t\t\t<section class=\"elementor-section elementor-inner-section elementor-element elementor-element-7fd9f02d elementor-section-full_width elementor-section-height-default elementor-section-height-default\" data-id=\"7fd9f02d\" data-element_type=\"section\">\n\t\t\t\t\t\t<div class=\"elementor-container elementor-column-gap-default\">\n\t\t\t\t\t<div class=\"elementor-column elementor-col-100 elementor-inner-column elementor-element elementor-element-6e5a7277\" data-id=\"6e5a7277\" data-element_type=\"column\">\n\t\t\t<div class=\"elementor-widget-wrap elementor-element-populated\">\n\t\t\t\t\t\t<div class=\"elementor-element elementor-element-4f47d2b8 color-scheme-inherit text-left elementor-widget elementor-widget-text-editor\" data-id=\"4f47d2b8\" data-element_type=\"widget\" data-widget_type=\"text-editor.default\">\n\t\t\t\t<div class=\"elementor-widget-container\">\n\t\t\t<style>\/*! elementor - v3.21.0 - 15-04-2024 *\/\n.elementor-widget-text-editor.elementor-drop-cap-view-stacked .elementor-drop-cap{background-color:#69727d;color:#fff}.elementor-widget-text-editor.elementor-drop-cap-view-framed .elementor-drop-cap{color:#69727d;border:3px solid;background-color:transparent}.elementor-widget-text-editor:not(.elementor-drop-cap-view-default) .elementor-drop-cap{margin-top:8px}.elementor-widget-text-editor:not(.elementor-drop-cap-view-default) .elementor-drop-cap-letter{width:1em;height:1em}.elementor-widget-text-editor .elementor-drop-cap{float:left;text-align:center;line-height:1;font-size:50px}.elementor-widget-text-editor .elementor-drop-cap-letter{display:inline-block}<\/style>\t\t\t\t<p>Ainodoll.com to oficjalna strona mini lalek erotycznych. Jeste\u015bmy zespo\u0142em Sex Dolls z Chin i mamy 6-letnie do\u015bwiadczenie w sprzeda\u017cy lalek erotycznych online. Obecnie nasze mini lalki erotyczne sprzedawane s\u0105 g\u0142\u00f3wnie do Ameryki P\u00f3\u0142nocnej, Europy, Japonii i Australii.<\/p>\t\t\t\t\t\t<\/div>\n\t\t\t\t<\/div>\n\t\t\t\t\t<\/div>\n\t\t<\/div>\n\t\t\t\t\t<\/div>\n\t\t<\/section>\n\t\t\t\t<div class=\"elementor-element elementor-element-1a33b11d m-b-xl elementor-widget elementor-widget-heading\" data-id=\"1a33b11d\" data-element_type=\"widget\" data-widget_type=\"heading.default\">\n\t\t\t\t<div class=\"elementor-widget-container\">\n\t\t\t<h2 class=\"elementor-heading-title elementor-size-default\">Dlaczego w\u0142a\u015bnie my<\/h2>\t\t<\/div>\n\t\t\t\t<\/div>\n\t\t\t\t<section class=\"elementor-section elementor-inner-section elementor-element elementor-element-404f4648 elementor-section-full_width mb-4 pb-1 elementor-section-height-default elementor-section-height-default\" data-id=\"404f4648\" data-element_type=\"section\">\n\t\t\t\t\t\t<div class=\"elementor-container elementor-column-gap-default\">\n\t\t\t\t\t<div class=\"elementor-column elementor-col-100 elementor-inner-column elementor-element elementor-element-6a15efb2\" data-id=\"6a15efb2\" data-element_type=\"column\">\n\t\t\t<div class=\"elementor-widget-wrap elementor-element-populated\">\n\t\t\t\t\t\t<div class=\"elementor-element elementor-element-f38a1ea color-scheme-inherit text-left elementor-widget elementor-widget-text-editor\" data-id=\"f38a1ea\" data-element_type=\"widget\" data-widget_type=\"text-editor.default\">\n\t\t\t\t<div class=\"elementor-widget-container\">\n\t\t\t\t\t\t\t<h5>* 100% Autentyczne, certyfikowane oryginalne fabryczne lalki erotyczne<\/h5><p>Jako profesjonalny dostawca mini lalek erotycznych zapewniamy wy\u0142\u0105cznie wysokiej jako\u015bci produkty dla lalek i wsp\u00f3\u0142pracujemy z producentami, kt\u00f3rzy spe\u0142niaj\u0105 nasze specyfikacje jako\u015bciowe, takimi jak lalki WM, lalki Irontech, lalki 6Ye itp.<br \/>Wiemy, czego chcesz, kupuj\u0105c wysokiej jako\u015bci lalk\u0119 erotyczn\u0105, i mamy dla Ciebie wyb\u00f3r realistycznych lalek erotycznych. Nasze lalki s\u0105 wynikiem precyzyjnego projektu, kt\u00f3ry sprawia, \u017ce s\u0105 ekscytuj\u0105ce i stymuluj\u0105ce w u\u017cyciu. Nasze lalki mi\u0142osne s\u0105 r\u0119cznie rze\u017abione przez profesjonalist\u00f3w, kt\u00f3rzy po\u015bwi\u0119caj\u0105 du\u017co czasu, aby wydoby\u0107 ka\u017cdy szczeg\u00f3\u0142. W ainodoll jeste\u015bmy dumni z naszej dba\u0142o\u015bci o szczeg\u00f3\u0142y i jako\u015bci produktu, dlatego gwarantujemy satysfakcj\u0119 naszych klient\u00f3w.<\/p><h5>* Ogromna kolekcja lalek (ponad 2000 mini lalek)<\/h5><p>Nasza fabryka lalek opracowuje nowe modele, aby co tydzie\u0144 dodawa\u0107 nowe lalki mi\u0142osne. Przy tak wielu korpusach i stylach g\u0142\u00f3w do wyboru, wszystko jest mo\u017cliwe! Od du\u017cych, zmys\u0142owych modelek po szczup\u0142e i zwinne laski \u2013 ka\u017cdy gust mo\u017ce zosta\u0107 zaspokojony. Dotyczy to r\u00f3wnie\u017c niekt\u00f3rych naszych egzotycznych kochank\u00f3w, w tym elfich pi\u0119kno\u015bci i pulchnych mam. Dzi\u0119ki wymiennym g\u0142owicom mieszanie rzeczy i wypr\u00f3bowywanie czego\u015b nowego nigdy nie by\u0142o \u0142atwiejsze!<\/p><h5>*Bezpieczna p\u0142atno\u015b\u0107<\/h5><p>Nasza strona internetowa jest szyfrowana za pomoc\u0105 protoko\u0142u SSL. Korzystamy r\u00f3wnie\u017c z systemu PayPal, aby zagwarantowa\u0107 Twoj\u0105 prywatno\u015b\u0107 i bezpiecze\u0144stwo. Nie przetworzymy Twojego zam\u00f3wienia, dop\u00f3ki nie potwierdzimy, \u017ce Twoje dane dotycz\u0105ce p\u0142atno\u015bci s\u0105 prawid\u0142owe. Wszystkie nasze transakcje bankowe, wszystkie realizowane, nie s\u0105 oparte na naturze produktu. Dok\u0142adamy wszelkich stara\u0144, aby zapewni\u0107 najwy\u017cszy poziom prywatno\u015bci i nigdy nie udost\u0119pnimy Twoich danych osobowych osobom trzecim. Aby uzyska\u0107 wi\u0119cej informacji na temat p\u0142atno\u015bci, sprawd\u017a stron\u0119 przewodnika po p\u0142atno\u015bciach.<\/p><h5>*Przyst\u0119pna i uczciwa cena<\/h5><p>Kupuj\u0105c lalki erotyczne na ainodoll.com, zawsze mo\u017cesz mie\u0107 pewno\u015b\u0107, \u017ce znajdziesz co\u015b w ramach swojego bud\u017cetu. Nasza oferta luksusowych lalek erotycznych ma rozs\u0105dn\u0105 cen\u0119. Naszym celem jest zapewnienie Ci lalki erotycznej, kt\u00f3ra doskonale Ci s\u0142u\u017cy i jest w zasi\u0119gu r\u0119ki.<\/p><h5>*Brak oszustw i gwarancja satysfakcji z zakupu<\/h5>\t\t\t\t\t\t<\/div>\n\t\t\t\t<\/div>\n\t\t\t\t\t<\/div>\n\t\t<\/div>\n\t\t\t\t\t<\/div>\n\t\t<\/section>\n\t\t\t\t<section class=\"elementor-section elementor-inner-section elementor-element elementor-element-47670a94 elementor-section-full_width elementor-section-height-default elementor-section-height-default\" data-id=\"47670a94\" data-element_type=\"section\">\n\t\t\t\t\t\t<div class=\"elementor-container elementor-column-gap-default\">\n\t\t\t\t\t<div class=\"elementor-column elementor-col-100 elementor-inner-column elementor-element elementor-element-37e64a0a\" data-id=\"37e64a0a\" data-element_type=\"column\">\n\t\t\t<div class=\"elementor-widget-wrap elementor-element-populated\">\n\t\t\t\t\t\t<div class=\"elementor-element elementor-element-1012628c color-scheme-inherit text-left elementor-widget elementor-widget-text-editor\" data-id=\"1012628c\" data-element_type=\"widget\" data-widget_type=\"text-editor.default\">\n\t\t\t\t<div class=\"elementor-widget-container\">\n\t\t\t\t\t\t\t<p>Nie dostarczamy \u017cadnych fa\u0142szywie reklamowanych produkt\u00f3w, szczerze traktujemy i witamy ka\u017cdego klienta, kt\u00f3ry kocha lalki erotyczne.<\/p><p>Ponadto ci\u0119\u017cko pracujemy, aby mie\u0107 pewno\u015b\u0107, \u017ce otrzymasz najlepsz\u0105 mo\u017cliw\u0105 lalk\u0119 erotyczn\u0105. Sprawdzamy wzrokowo ka\u017cd\u0105 lalk\u0119 od st\u00f3p do g\u0142\u00f3w, zanim wyrazimy zgod\u0119 na jej powr\u00f3t do domu. Nie odejdzie, dop\u00f3ki nie minie. Mo\u017cemy nawet zapewni\u0107, \u017ce drobne rzeczy, o kt\u00f3re mog\u0142e\u015b specjalnie poprosi\u0107, zostan\u0105 za\u0142atwione zgodnie z Twoimi specyfikacjami.<\/p><p>Je\u015bli po otrzymaniu lalki wyst\u0105pi jaki\u015b b\u0142\u0105d w zam\u00f3wieniu (wady lub niew\u0142a\u015bciwa wysy\u0142ka), naprawimy go lub wymienimy. Aby uzyska\u0107 wi\u0119cej informacji, sprawd\u017a stron\u0119 Polityka zwrot\u00f3w.<\/p>\t\t\t\t\t\t<\/div>\n\t\t\t\t<\/div>\n\t\t\t\t\t<\/div>\n\t\t<\/div>\n\t\t\t\t\t<\/div>\n\t\t<\/section>\n\t\t\t\t\t<\/div>\n\t\t<\/div>\n\t\t\t\t\t<\/div>\n\t\t<\/section>\n\t\t\t\t<\/div>","protected":false},"excerpt":{"rendered":"<p>O AINODOLL Kim jeste\u015bmy Ainodoll.com to oficjalna strona mini lalek erotycznych. Jeste\u015bmy zespo\u0142em Sex Dolls<\/p>","protected":false},"author":1,"featured_media":0,"parent":0,"menu_order":0,"comment_status":"closed","ping_status":"closed","template":"","meta":{"footnotes":""},"aioseo_notices":[],"_links":{"self":[{"href":"https:\/\/tribedoll.com\/pl\/wp-json\/wp\/v2\/pages\/15592"}],"collection":[{"href":"https:\/\/tribedoll.com\/pl\/wp-json\/wp\/v2\/pages"}],"about":[{"href":"https:\/\/tribedoll.com\/pl\/wp-json\/wp\/v2\/types\/page"}],"author":[{"embeddable":true,"href":"https:\/\/tribedoll.com\/pl\/wp-json\/wp\/v2\/users\/1"}],"replies":[{"embeddable":true,"href":"https:\/\/tribedoll.com\/pl\/wp-json\/wp\/v2\/comments?post=15592"}],"version-history":[{"count":9,"href":"https:\/\/tribedoll.com\/pl\/wp-json\/wp\/v2\/pages\/15592\/revisions"}],"predecessor-version":[{"id":21455,"href":"https:\/\/tribedoll.com\/pl\/wp-json\/wp\/v2\/pages\/15592\/revisions\/21455"}],"wp:attachment":[{"href":"https:\/\/tribedoll.com\/pl\/wp-json\/wp\/v2\/media?parent=15592"}],"curies":[{"name":"wp","href":"https:\/\/api.w.org\/{rel}","templated":true}]}}