{"id":20203,"date":"2024-04-22T12:30:40","date_gmt":"2024-04-22T12:30:40","guid":{"rendered":"https:\/\/aimdoll.com\/product\/realistic-factory-humps-mini-flat-factory-realistic-doll\/"},"modified":"2024-05-17T05:51:35","modified_gmt":"2024-05-17T05:51:35","slug":"realistic-factory-humps-mini-flat-factory-realistic-doll","status":"publish","type":"product","link":"https:\/\/tribedoll.com\/pl\/product\/realistyczna-fabryczna-mini-plaska-realistyczna-lalka-z-garbami-fabrycznymi\/","title":{"rendered":"Realistyczna fabryczna mini p\u0142aska realistyczna lalka z garbami fabrycznymi"},"content":{"rendered":"<p>Jest to doskona\u0142ej jako\u015bci wideo z lalk\u0105 seksualn\u0105 z p\u0142ask\u0105 lalk\u0105, prawdziw\u0105 lalk\u0105 o najlepszej jako\u015bci wykonaniu. Dzi\u0119ki po\u0142\u0105czeniu wysokiej jako\u015bci materia\u0142\u00f3w silikonowych i lekkiego tytanu. Ta lalka erotyczna Jay Doll o d\u0142ugo\u015bci 100 cm ma anatomicznie dok\u0142adn\u0105 konstrukcj\u0119. W komplecie z ruchomymi ko\u0144czynami i stawami. Dlatego ta 150-letnia silikonowa lalka erotyczna jest idealna do film\u00f3w z ruchanymi lalkami erotycznymi. Dodatkowo ta mini prawdziwa lalka erotyczna 40 cm fabryczna chi\u0144ska prawdziwa lalka oferuje realistyczny wygl\u0105d i styl. Dzi\u0119ki temu mo\u017cesz odkrywa\u0107 swoje naj\u015bmielsze fantazje seksualne. Od mamy garbi ma\u0142ego ch\u0142opca, lalk\u0119, seks tabu. Do bardziej ryzykownych do\u015bwiadcze\u0144 seksualnych. Ta lalka z p\u0142ask\u0105 klatk\u0105 piersiow\u0105 jest \u015bwietnym towarzyszem seksualnym, dzi\u0119ki kt\u00f3remu to wszystko si\u0119 wydarzy.<\/p>\n<p>Dodatkowo, ta realistyczna lalka seksu dla dzieci o d\u0142ugo\u015bci 148 cm zosta\u0142a zbudowana z my\u015bl\u0105 o trwa\u0142o\u015bci. Dzi\u0119ki dobrze zbudowanej konstrukcji z wykorzystaniem wysokiej jako\u015bci materia\u0142\u00f3w lalek erotycznych o d\u0142ugo\u015bci 80 cm. Dlatego ta wspania\u0142a, prawdziwa lalka dla doros\u0142ych oferuje intensywn\u0105 stymulacj\u0119 seksualn\u0105 na wiele sposob\u00f3w.<\/p>\n<p>Tw\u00f3j tekst: To \u015bwietna jako\u015b\u0107 wideo z lalk\u0105 erotyczn\u0105 z p\u0142ask\u0105 lalk\u0105, prawdziw\u0105 lalk\u0105 o najlepszej jako\u015bci wykonaniu. Dzi\u0119ki po\u0142\u0105czeniu wysokiej jako\u015bci<br \/>\nmateria\u0142y silikonowe i lekki tytan. Ta lalka erotyczna Jay Doll o d\u0142ugo\u015bci 100 cm ma anatomicznie dok\u0142adn\u0105 konstrukcj\u0119. W komplecie z ruchomymi<br \/>\nko\u0144czyn i staw\u00f3w. Dlatego ta 150-letnia silikonowa lalka erotyczna jest idealna do film\u00f3w z ruchanymi lalkami erotycznymi. Dodatkowo ta mini prawdziwa lalka seksu 40 cm<br \/>\nPrawdziwa lalka z fabryki porcelany oferuje realistyczny wygl\u0105d i dotyk. Dzi\u0119ki temu mo\u017cesz odkrywa\u0107 swoje naj\u015bmielsze fantazje seksualne. Od mamy garbi ch\u0142opczyka<br \/>\nseks tabu dla lalek. Do bardziej ryzykownych do\u015bwiadcze\u0144 seksualnych. Ta lalka z p\u0142ask\u0105 klatk\u0105 piersiow\u0105 jest \u015bwietnym towarzyszem seksualnym, dzi\u0119ki kt\u00f3remu to wszystko si\u0119 wydarzy.<\/p>\n<p>Dodatkowo, ta realistyczna lalka seksu dla dzieci o d\u0142ugo\u015bci 148 cm zosta\u0142a zbudowana z my\u015bl\u0105 o trwa\u0142o\u015bci. Dzi\u0119ki dobrze zbudowanej konstrukcji zastosowano wysokiej jako\u015bci seks 80 cm<br \/>\nmateria\u0142y na lalki. Dlatego ta wspania\u0142a, prawdziwa lalka dla doros\u0142ych oferuje intensywn\u0105 stymulacj\u0119 seksualn\u0105 na wiele sposob\u00f3w.<\/p>\n<p>&nbsp;<\/p>\n\t\t<div data-elementor-type=\"section\" data-elementor-id=\"15956\" class=\"elementor elementor-15956\" data-elementor-post-type=\"elementor_library\">\n\t\t\t<div class=\"wd-negative-gap elementor-element elementor-element-e744d45 e-flex e-con-boxed e-con e-parent\" data-id=\"e744d45\" data-element_type=\"container\">\n\t\t\t\t\t<div class=\"e-con-inner\">\n\t\t<div class=\"wd-negative-gap elementor-element elementor-element-2abc4734 e-flex e-con-boxed e-con e-child\" data-id=\"2abc4734\" data-element_type=\"container\">\n\t\t\t\t\t<div class=\"e-con-inner\">\n\t\t<div class=\"wd-negative-gap elementor-element elementor-element-e4e90d0 e-flex e-con-boxed e-con e-child\" data-id=\"e4e90d0\" data-element_type=\"container\">\n\t\t\t\t\t<div class=\"e-con-inner\">\n\t\t\t\t<div class=\"elementor-element elementor-element-2191b1a4 elementor-cta--skin-cover elementor-animated-content elementor-bg-transform elementor-bg-transform-zoom-in elementor-widget elementor-widget-call-to-action\" data-id=\"2191b1a4\" data-element_type=\"widget\" data-widget_type=\"call-to-action.default\">\n\t\t\t\t<div class=\"elementor-widget-container\">\n\t\t\t\t\t<a class=\"elementor-cta\" href=\"https:\/\/tribedoll.com\/pl\/zdjecia-lalek-erotycznych\/\">\n\t\t\t\t\t<div class=\"elementor-cta__bg-wrapper\">\n\t\t\t\t<div class=\"elementor-cta__bg elementor-bg\" style=\"background-image: url(https:\/\/tribedoll.com\/wp-content\/uploads\/2024\/04\/redirect.jpg);\" role=\"img\" aria-label=\"przeadresowa\u0107\"><\/div>\n\t\t\t\t<div class=\"elementor-cta__bg-overlay\"><\/div>\n\t\t\t<\/div>\n\t\t\t\t\t\t\t<div class=\"elementor-cta__content\">\n\t\t\t\t\n\t\t\t\t\t\t\t\t\t<h2 class=\"elementor-cta__title elementor-cta__content-item elementor-content-item elementor-animated-item--grow\">\n\t\t\t\t\t\t2500+ ma\u0142ych mini lalek erotycznych <\/br>sexdollxxx.com\t\t\t\t\t<\/h2>\n\t\t\t\t\n\t\t\t\t\t\t\t\t\t<div class=\"elementor-cta__description elementor-cta__content-item elementor-content-item elementor-animated-item--grow\">\n\t\t\t\t\t\t40 cm, 60 cm, 80 cm, 100 cm, 120 cm, 140 cm\t\t\t\t\t<\/div>\n\t\t\t\t\n\t\t\t\t\t\t\t\t\t<div class=\"elementor-cta__button-wrapper elementor-cta__content-item elementor-content-item elementor-animated-item--grow\">\n\t\t\t\t\t<span class=\"elementor-cta__button elementor-button elementor-size-md\">\n\t\t\t\t\t\tKupuj teraz\t\t\t\t\t<\/span>\n\t\t\t\t\t<\/div>\n\t\t\t\t\t\t\t<\/div>\n\t\t\t\t\t\t<\/a>\n\t\t\t\t<\/div>\n\t\t\t\t<\/div>\n\t\t\t\t\t<\/div>\n\t\t\t\t<\/div>\n\t\t\t\t\t<\/div>\n\t\t\t\t<\/div>\n\t\t\t\t\t<\/div>\n\t\t\t\t<\/div>\n\t\t\t\t<\/div>","protected":false},"excerpt":{"rendered":"<div data-elementor-type=\"section\" data-elementor-id=\"15952\" class=\"elementor elementor-15952\" data-elementor-post-type=\"elementor_library\">\n<div class=\"wd-negative-gap elementor-element elementor-element-49f97e26 e-flex e-con-boxed e-con e-parent\" data-id=\"49f97e26\" data-element_type=\"container\">\n<div class=\"e-con-inner\">\n<div class=\"wd-negative-gap elementor-element elementor-element-449b9556 e-flex e-con-boxed e-con e-child\" data-id=\"449b9556\" data-element_type=\"container\">\n<div class=\"e-con-inner\">\n<div class=\"elementor-element elementor-element-613a7c10 elementor-cta--skin-cover elementor-animated-content elementor-bg-transform elementor-bg-transform-zoom-in elementor-widget elementor-widget-call-to-action\" data-id=\"613a7c10\" data-element_type=\"widget\" data-widget_type=\"call-to-action.default\">\n<div class=\"elementor-widget-container\">\n\t\t\t<link rel=\"stylesheet\" href=\"https:\/\/tribedoll.com\/wp-content\/uploads\/elementor\/css\/custom-pro-widget-call-to-action.min.css?ver=1716098881\">\t\t<a class=\"elementor-cta\" href=\"https:\/\/tribedoll.com\/pl\/zdjecia-lalek-erotycznych\/\"><\/p>\n<div class=\"elementor-cta__bg-wrapper\">\n<div class=\"elementor-cta__bg elementor-bg\" style=\"background-image: url(https:\/\/tribedoll.com\/wp-content\/uploads\/2024\/04\/redirect-1.jpg);\" role=\"img\" aria-label=\"przekierowanie.jpg\"><\/div>\n<div class=\"elementor-cta__bg-overlay\"><\/div>\n<\/p><\/div>\n<div class=\"elementor-cta__content\">\n<h2 class=\"elementor-cta__title elementor-cta__content-item elementor-content-item elementor-animated-item--grow\">\n\t\t\t\t\t\t2500+ ma\u0142ych mini lalek erotycznych <\/br>sexdollxxx.com\t\t\t\t\t<\/h2>\n<div class=\"elementor-cta__description elementor-cta__content-item elementor-content-item elementor-animated-item--grow\">\n\t\t\t\t\t\t40 cm, 60 cm, 80 cm, 100 cm, 120 cm, 140 cm\t\t\t\t\t<\/div>\n<div class=\"elementor-cta__button-wrapper elementor-cta__content-item elementor-content-item elementor-animated-item--grow\">\n\t\t\t\t\t<span class=\"elementor-cta__button elementor-button elementor-size-md\"><br \/>\n\t\t\t\t\t\tKupuj teraz\t\t\t\t\t<\/span>\n\t\t\t\t\t<\/div>\n<\/p><\/div>\n<p>\t\t\t\t\t\t<\/a>\n\t\t\t\t<\/div>\n<\/p><\/div>\n<\/p><\/div>\n<\/p><\/div>\n<\/p><\/div>\n<\/p><\/div>\n<\/p><\/div>","protected":false},"featured_media":15950,"comment_status":"closed","ping_status":"closed","template":"","meta":[],"product_cat":[797,791,771],"product_tag":[],"aioseo_notices":[],"_links":{"self":[{"href":"https:\/\/tribedoll.com\/pl\/wp-json\/wp\/v2\/product\/20203"}],"collection":[{"href":"https:\/\/tribedoll.com\/pl\/wp-json\/wp\/v2\/product"}],"about":[{"href":"https:\/\/tribedoll.com\/pl\/wp-json\/wp\/v2\/types\/product"}],"replies":[{"embeddable":true,"href":"https:\/\/tribedoll.com\/pl\/wp-json\/wp\/v2\/comments?post=20203"}],"version-history":[{"count":2,"href":"https:\/\/tribedoll.com\/pl\/wp-json\/wp\/v2\/product\/20203\/revisions"}],"predecessor-version":[{"id":21772,"href":"https:\/\/tribedoll.com\/pl\/wp-json\/wp\/v2\/product\/20203\/revisions\/21772"}],"wp:featuredmedia":[{"embeddable":true,"href":"https:\/\/tribedoll.com\/pl\/wp-json\/wp\/v2\/media\/15950"}],"wp:attachment":[{"href":"https:\/\/tribedoll.com\/pl\/wp-json\/wp\/v2\/media?parent=20203"}],"wp:term":[{"taxonomy":"product_cat","embeddable":true,"href":"https:\/\/tribedoll.com\/pl\/wp-json\/wp\/v2\/product_cat?post=20203"},{"taxonomy":"product_tag","embeddable":true,"href":"https:\/\/tribedoll.com\/pl\/wp-json\/wp\/v2\/product_tag?post=20203"}],"curies":[{"name":"wp","href":"https:\/\/api.w.org\/{rel}","templated":true}]}}