{"id":20223,"date":"2024-04-22T12:30:44","date_gmt":"2024-04-22T12:30:44","guid":{"rendered":"https:\/\/aimdoll.com\/product\/mini-solid-convictions-poseable-realistic-woman-chest-doll\/"},"modified":"2024-05-16T10:55:24","modified_gmt":"2024-05-16T10:55:24","slug":"mini-solid-convictions-poseable-realistic-woman-chest-doll","status":"publish","type":"product","link":"https:\/\/tribedoll.com\/pl\/product\/mini-solidne-przekonania-realistyczna-lalka-w-klatce-piersiowej-kobiety\/","title":{"rendered":"Mini solidna, realistyczna lalka w klatce piersiowej z mo\u017cliwo\u015bci\u0105 u\u0142o\u017cenia"},"content":{"rendered":"<p>To realistyczna mini lalka erotyczna o d\u0142ugo\u015bci 40 cm, zbudowana tak, aby zapewni\u0107 najlepsz\u0105 stymulacj\u0119. Dzi\u0119ki funkcjom mini solidnej lalki erotycznej premium. Ta dzieci\u0119ca lalka erotyczna ma wygl\u0105d i dotyk zapewniaj\u0105cy odpowiedni\u0105 stymulacj\u0119 seksualn\u0105. Dlatego jest to jedna z najlepszych lalek prawdziwej mi\u0142o\u015bci i seksu WM DOLS 140 cm, kt\u00f3re mo\u017cna kupi\u0107 tanio. Dodatkowo, ta p\u0142aska lalka seksu anime, ma\u0142a prawdziwa lalka, zbudowana tak, aby \u015bci\u015ble odzwierciedla\u0142a prawdziwego cz\u0142owieka.<\/p>\n<p>Co wi\u0119cej, ta laleczka Cheryl Hill Little Love Bug oferuje wiele pozycji seksualnych. Ograniczone jedynie przez Twoj\u0105 wyobra\u017ani\u0119. Na dodatek do tego. Mo\u017cesz cieszy\u0107 si\u0119 szczeg\u00f3\u0142owo wykonan\u0105, w pe\u0142ni na\u0142adowan\u0105 g\u0142ow\u0105 Naomi dla mini lalki mi\u0142o\u015bci o d\u0142ugo\u015bci 100 cm. Dlatego je\u015bli szukasz realistycznej lalki erotycznej z p\u0142ask\u0105 klatk\u0105 piersiow\u0105, prawdziwej lalki. Ta lalka erotyczna kup prawdziw\u0105 lalk\u0119 Loli to najlepszy wyb\u00f3r dla Ciebie.<\/p>\n<p>Co wi\u0119cej, ta prawdziwa lalka mi\u0142osna jest idealna dla wszystkich fantazji Twojej kobiety o seksie z lalkami cm. Dzi\u0119ki po\u0142\u0105czeniu \u015bwietnego, seksownego wygl\u0105du, mi\u0119sistego dotyku i wysokiej jako\u015bci trwa\u0142o\u015bci.<\/p>\n<p>&nbsp;<\/p>\n\t\t<div data-elementor-type=\"section\" data-elementor-id=\"15956\" class=\"elementor elementor-15956\" data-elementor-post-type=\"elementor_library\">\n\t\t\t<div class=\"wd-negative-gap elementor-element elementor-element-e744d45 e-flex e-con-boxed e-con e-parent\" data-id=\"e744d45\" data-element_type=\"container\">\n\t\t\t\t\t<div class=\"e-con-inner\">\n\t\t<div class=\"wd-negative-gap elementor-element elementor-element-2abc4734 e-flex e-con-boxed e-con e-child\" data-id=\"2abc4734\" data-element_type=\"container\">\n\t\t\t\t\t<div class=\"e-con-inner\">\n\t\t<div class=\"wd-negative-gap elementor-element elementor-element-e4e90d0 e-flex e-con-boxed e-con e-child\" data-id=\"e4e90d0\" data-element_type=\"container\">\n\t\t\t\t\t<div class=\"e-con-inner\">\n\t\t\t\t<div class=\"elementor-element elementor-element-2191b1a4 elementor-cta--skin-cover elementor-animated-content elementor-bg-transform elementor-bg-transform-zoom-in elementor-widget elementor-widget-call-to-action\" data-id=\"2191b1a4\" data-element_type=\"widget\" data-widget_type=\"call-to-action.default\">\n\t\t\t\t<div class=\"elementor-widget-container\">\n\t\t\t\t\t<a class=\"elementor-cta\" href=\"https:\/\/tribedoll.com\/pl\/zdjecia-lalek-erotycznych\/\">\n\t\t\t\t\t<div class=\"elementor-cta__bg-wrapper\">\n\t\t\t\t<div class=\"elementor-cta__bg elementor-bg\" style=\"background-image: url(https:\/\/tribedoll.com\/wp-content\/uploads\/2024\/04\/redirect.jpg);\" role=\"img\" aria-label=\"przeadresowa\u0107\"><\/div>\n\t\t\t\t<div class=\"elementor-cta__bg-overlay\"><\/div>\n\t\t\t<\/div>\n\t\t\t\t\t\t\t<div class=\"elementor-cta__content\">\n\t\t\t\t\n\t\t\t\t\t\t\t\t\t<h2 class=\"elementor-cta__title elementor-cta__content-item elementor-content-item elementor-animated-item--grow\">\n\t\t\t\t\t\t2500+ ma\u0142ych mini lalek erotycznych <\/br>sexdollxxx.com\t\t\t\t\t<\/h2>\n\t\t\t\t\n\t\t\t\t\t\t\t\t\t<div class=\"elementor-cta__description elementor-cta__content-item elementor-content-item elementor-animated-item--grow\">\n\t\t\t\t\t\t40 cm, 60 cm, 80 cm, 100 cm, 120 cm, 140 cm\t\t\t\t\t<\/div>\n\t\t\t\t\n\t\t\t\t\t\t\t\t\t<div class=\"elementor-cta__button-wrapper elementor-cta__content-item elementor-content-item elementor-animated-item--grow\">\n\t\t\t\t\t<span class=\"elementor-cta__button elementor-button elementor-size-md\">\n\t\t\t\t\t\tKupuj teraz\t\t\t\t\t<\/span>\n\t\t\t\t\t<\/div>\n\t\t\t\t\t\t\t<\/div>\n\t\t\t\t\t\t<\/a>\n\t\t\t\t<\/div>\n\t\t\t\t<\/div>\n\t\t\t\t\t<\/div>\n\t\t\t\t<\/div>\n\t\t\t\t\t<\/div>\n\t\t\t\t<\/div>\n\t\t\t\t\t<\/div>\n\t\t\t\t<\/div>\n\t\t\t\t<\/div>","protected":false},"excerpt":{"rendered":"<div data-elementor-type=\"section\" data-elementor-id=\"15952\" class=\"elementor elementor-15952\" data-elementor-post-type=\"elementor_library\">\n<div class=\"wd-negative-gap elementor-element elementor-element-49f97e26 e-flex e-con-boxed e-con e-parent\" data-id=\"49f97e26\" data-element_type=\"container\">\n<div class=\"e-con-inner\">\n<div class=\"wd-negative-gap elementor-element elementor-element-449b9556 e-flex e-con-boxed e-con e-child\" data-id=\"449b9556\" data-element_type=\"container\">\n<div class=\"e-con-inner\">\n<div class=\"elementor-element elementor-element-613a7c10 elementor-cta--skin-cover elementor-animated-content elementor-bg-transform elementor-bg-transform-zoom-in elementor-widget elementor-widget-call-to-action\" data-id=\"613a7c10\" data-element_type=\"widget\" data-widget_type=\"call-to-action.default\">\n<div class=\"elementor-widget-container\">\n\t\t\t<link rel=\"stylesheet\" href=\"https:\/\/tribedoll.com\/wp-content\/uploads\/elementor\/css\/custom-pro-widget-call-to-action.min.css?ver=1716098881\">\t\t<a class=\"elementor-cta\" href=\"https:\/\/tribedoll.com\/pl\/zdjecia-lalek-erotycznych\/\"><\/p>\n<div class=\"elementor-cta__bg-wrapper\">\n<div class=\"elementor-cta__bg elementor-bg\" style=\"background-image: url(https:\/\/tribedoll.com\/wp-content\/uploads\/2024\/04\/redirect-1.jpg);\" role=\"img\" aria-label=\"przekierowanie.jpg\"><\/div>\n<div class=\"elementor-cta__bg-overlay\"><\/div>\n<\/p><\/div>\n<div class=\"elementor-cta__content\">\n<h2 class=\"elementor-cta__title elementor-cta__content-item elementor-content-item elementor-animated-item--grow\">\n\t\t\t\t\t\t2500+ ma\u0142ych mini lalek erotycznych <\/br>sexdollxxx.com\t\t\t\t\t<\/h2>\n<div class=\"elementor-cta__description elementor-cta__content-item elementor-content-item elementor-animated-item--grow\">\n\t\t\t\t\t\t40 cm, 60 cm, 80 cm, 100 cm, 120 cm, 140 cm\t\t\t\t\t<\/div>\n<div class=\"elementor-cta__button-wrapper elementor-cta__content-item elementor-content-item elementor-animated-item--grow\">\n\t\t\t\t\t<span class=\"elementor-cta__button elementor-button elementor-size-md\"><br \/>\n\t\t\t\t\t\tKupuj teraz\t\t\t\t\t<\/span>\n\t\t\t\t\t<\/div>\n<\/p><\/div>\n<p>\t\t\t\t\t\t<\/a>\n\t\t\t\t<\/div>\n<\/p><\/div>\n<\/p><\/div>\n<\/p><\/div>\n<\/p><\/div>\n<\/p><\/div>\n<\/p><\/div>","protected":false},"featured_media":15950,"comment_status":"closed","ping_status":"closed","template":"","meta":[],"product_cat":[804,786,787],"product_tag":[],"aioseo_notices":[],"_links":{"self":[{"href":"https:\/\/tribedoll.com\/pl\/wp-json\/wp\/v2\/product\/20223"}],"collection":[{"href":"https:\/\/tribedoll.com\/pl\/wp-json\/wp\/v2\/product"}],"about":[{"href":"https:\/\/tribedoll.com\/pl\/wp-json\/wp\/v2\/types\/product"}],"replies":[{"embeddable":true,"href":"https:\/\/tribedoll.com\/pl\/wp-json\/wp\/v2\/comments?post=20223"}],"version-history":[{"count":2,"href":"https:\/\/tribedoll.com\/pl\/wp-json\/wp\/v2\/product\/20223\/revisions"}],"predecessor-version":[{"id":21750,"href":"https:\/\/tribedoll.com\/pl\/wp-json\/wp\/v2\/product\/20223\/revisions\/21750"}],"wp:featuredmedia":[{"embeddable":true,"href":"https:\/\/tribedoll.com\/pl\/wp-json\/wp\/v2\/media\/15950"}],"wp:attachment":[{"href":"https:\/\/tribedoll.com\/pl\/wp-json\/wp\/v2\/media?parent=20223"}],"wp:term":[{"taxonomy":"product_cat","embeddable":true,"href":"https:\/\/tribedoll.com\/pl\/wp-json\/wp\/v2\/product_cat?post=20223"},{"taxonomy":"product_tag","embeddable":true,"href":"https:\/\/tribedoll.com\/pl\/wp-json\/wp\/v2\/product_tag?post=20223"}],"curies":[{"name":"wp","href":"https:\/\/api.w.org\/{rel}","templated":true}]}}