{"id":20475,"date":"2024-04-22T12:31:08","date_gmt":"2024-04-22T12:31:08","guid":{"rendered":"https:\/\/aimdoll.com\/product\/100-cm-lolita-sex-doll-brown-skin-color\/"},"modified":"2024-05-15T08:29:21","modified_gmt":"2024-05-15T08:29:21","slug":"100-cm-lolita-sex-doll-brown-skin-color","status":"publish","type":"product","link":"https:\/\/tribedoll.com\/pl\/product\/lalka-erotyczna-lolita-o-dlugosci-100-cm-brazowy-kolor-skory\/","title":{"rendered":"Lalka erotyczna Lolita o d\u0142ugo\u015bci 100 cm, br\u0105zowy kolor sk\u00f3ry"},"content":{"rendered":"<p>Nasz seks z lalk\u0105 Lolita zapewnia najlepsze uczucie spe\u0142nienia marze\u0144. Ta br\u0105zowa lalka erotyczna o d\u0142ugo\u015bci 100 cm jest urocza. Ma cudowny br\u0105zowy kolor, dzi\u0119ki czemu ludzie mog\u0105 znajdowa\u0107 nowe rzeczy, bawi\u0105c si\u0119 nim w \u0142\u00f3\u017cku.<\/p>\n<p>Wykonana z najwy\u017cszej jako\u015bci materia\u0142u TPE, ta prawdziwa ma\u0142a lalka erotyczna zapewnia bardzo prawdziwe wyczucie i dotyk. Rzemie\u015blnicy starannie ukszta\u0142towali ka\u017cd\u0105 cz\u0119\u015b\u0107 jej twarzy i cia\u0142a. Stworzyli osza\u0142amiaj\u0105c\u0105 figur\u0119, kt\u00f3ra spe\u0142ni wszystkie Twoje oczekiwania.<\/p>\n<p>Ta urocza, ale \u017ale wygl\u0105daj\u0105ca Lolita jest ubrana w \u0142adn\u0105 bielizn\u0119, kt\u00f3r\u0105 mo\u017cna \u0142atwo zdj\u0105\u0107 na bli\u017csze chwile. Jej gi\u0119tkie ko\u015bci pozwalaj\u0105 Ci wybra\u0107 dowolne miejsce, sprawiaj\u0105c, \u017ce wszystko b\u0119dzie dla Ciebie \u017ar\u00f3d\u0142em rado\u015bci.<\/p>\n<p>W naszym zabieganym i pe\u0142nym stresu \u015bwiecie wypr\u00f3buj urocze towarzystwo dzieci\u0119cej lalki. Te m\u0142ode lalki erotyczne s\u0105 zawsze po to, by ci\u0119 uszcz\u0119\u015bliwi\u0107, nie prosz\u0105c o nic ani nie b\u0119d\u0105c zdenerwowanym.<\/p>\n<p>&nbsp;<\/p>\n\t\t<div data-elementor-type=\"section\" data-elementor-id=\"15956\" class=\"elementor elementor-15956\" data-elementor-post-type=\"elementor_library\">\n\t\t\t<div class=\"wd-negative-gap elementor-element elementor-element-e744d45 e-flex e-con-boxed e-con e-parent\" data-id=\"e744d45\" data-element_type=\"container\">\n\t\t\t\t\t<div class=\"e-con-inner\">\n\t\t<div class=\"wd-negative-gap elementor-element elementor-element-2abc4734 e-flex e-con-boxed e-con e-child\" data-id=\"2abc4734\" data-element_type=\"container\">\n\t\t\t\t\t<div class=\"e-con-inner\">\n\t\t<div class=\"wd-negative-gap elementor-element elementor-element-e4e90d0 e-flex e-con-boxed e-con e-child\" data-id=\"e4e90d0\" data-element_type=\"container\">\n\t\t\t\t\t<div class=\"e-con-inner\">\n\t\t\t\t<div class=\"elementor-element elementor-element-2191b1a4 elementor-cta--skin-cover elementor-animated-content elementor-bg-transform elementor-bg-transform-zoom-in elementor-widget elementor-widget-call-to-action\" data-id=\"2191b1a4\" data-element_type=\"widget\" data-widget_type=\"call-to-action.default\">\n\t\t\t\t<div class=\"elementor-widget-container\">\n\t\t\t\t\t<a class=\"elementor-cta\" href=\"https:\/\/tribedoll.com\/pl\/zdjecia-lalek-erotycznych\/\">\n\t\t\t\t\t<div class=\"elementor-cta__bg-wrapper\">\n\t\t\t\t<div class=\"elementor-cta__bg elementor-bg\" style=\"background-image: url(https:\/\/tribedoll.com\/wp-content\/uploads\/2024\/04\/redirect.jpg);\" role=\"img\" aria-label=\"przeadresowa\u0107\"><\/div>\n\t\t\t\t<div class=\"elementor-cta__bg-overlay\"><\/div>\n\t\t\t<\/div>\n\t\t\t\t\t\t\t<div class=\"elementor-cta__content\">\n\t\t\t\t\n\t\t\t\t\t\t\t\t\t<h2 class=\"elementor-cta__title elementor-cta__content-item elementor-content-item elementor-animated-item--grow\">\n\t\t\t\t\t\t2500+ ma\u0142ych mini lalek erotycznych <\/br>sexdollxxx.com\t\t\t\t\t<\/h2>\n\t\t\t\t\n\t\t\t\t\t\t\t\t\t<div class=\"elementor-cta__description elementor-cta__content-item elementor-content-item elementor-animated-item--grow\">\n\t\t\t\t\t\t40 cm, 60 cm, 80 cm, 100 cm, 120 cm, 140 cm\t\t\t\t\t<\/div>\n\t\t\t\t\n\t\t\t\t\t\t\t\t\t<div class=\"elementor-cta__button-wrapper elementor-cta__content-item elementor-content-item elementor-animated-item--grow\">\n\t\t\t\t\t<span class=\"elementor-cta__button elementor-button elementor-size-md\">\n\t\t\t\t\t\tKupuj teraz\t\t\t\t\t<\/span>\n\t\t\t\t\t<\/div>\n\t\t\t\t\t\t\t<\/div>\n\t\t\t\t\t\t<\/a>\n\t\t\t\t<\/div>\n\t\t\t\t<\/div>\n\t\t\t\t\t<\/div>\n\t\t\t\t<\/div>\n\t\t\t\t\t<\/div>\n\t\t\t\t<\/div>\n\t\t\t\t\t<\/div>\n\t\t\t\t<\/div>\n\t\t\t\t<\/div>","protected":false},"excerpt":{"rendered":"<div data-elementor-type=\"section\" data-elementor-id=\"15952\" class=\"elementor elementor-15952\" data-elementor-post-type=\"elementor_library\">\n<div class=\"wd-negative-gap elementor-element elementor-element-49f97e26 e-flex e-con-boxed e-con e-parent\" data-id=\"49f97e26\" data-element_type=\"container\">\n<div class=\"e-con-inner\">\n<div class=\"wd-negative-gap elementor-element elementor-element-449b9556 e-flex e-con-boxed e-con e-child\" data-id=\"449b9556\" data-element_type=\"container\">\n<div class=\"e-con-inner\">\n<div class=\"elementor-element elementor-element-613a7c10 elementor-cta--skin-cover elementor-animated-content elementor-bg-transform elementor-bg-transform-zoom-in elementor-widget elementor-widget-call-to-action\" data-id=\"613a7c10\" data-element_type=\"widget\" data-widget_type=\"call-to-action.default\">\n<div class=\"elementor-widget-container\">\n\t\t\t<link rel=\"stylesheet\" href=\"https:\/\/tribedoll.com\/wp-content\/uploads\/elementor\/css\/custom-pro-widget-call-to-action.min.css?ver=1716098881\">\t\t<a class=\"elementor-cta\" href=\"https:\/\/tribedoll.com\/pl\/zdjecia-lalek-erotycznych\/\"><\/p>\n<div class=\"elementor-cta__bg-wrapper\">\n<div class=\"elementor-cta__bg elementor-bg\" style=\"background-image: url(https:\/\/tribedoll.com\/wp-content\/uploads\/2024\/04\/redirect-1.jpg);\" role=\"img\" aria-label=\"przekierowanie.jpg\"><\/div>\n<div class=\"elementor-cta__bg-overlay\"><\/div>\n<\/p><\/div>\n<div class=\"elementor-cta__content\">\n<h2 class=\"elementor-cta__title elementor-cta__content-item elementor-content-item elementor-animated-item--grow\">\n\t\t\t\t\t\t2500+ ma\u0142ych mini lalek erotycznych <\/br>sexdollxxx.com\t\t\t\t\t<\/h2>\n<div class=\"elementor-cta__description elementor-cta__content-item elementor-content-item elementor-animated-item--grow\">\n\t\t\t\t\t\t40 cm, 60 cm, 80 cm, 100 cm, 120 cm, 140 cm\t\t\t\t\t<\/div>\n<div class=\"elementor-cta__button-wrapper elementor-cta__content-item elementor-content-item elementor-animated-item--grow\">\n\t\t\t\t\t<span class=\"elementor-cta__button elementor-button elementor-size-md\"><br \/>\n\t\t\t\t\t\tKupuj teraz\t\t\t\t\t<\/span>\n\t\t\t\t\t<\/div>\n<\/p><\/div>\n<p>\t\t\t\t\t\t<\/a>\n\t\t\t\t<\/div>\n<\/p><\/div>\n<\/p><\/div>\n<\/p><\/div>\n<\/p><\/div>\n<\/p><\/div>\n<\/p><\/div>","protected":false},"featured_media":15950,"comment_status":"closed","ping_status":"closed","template":"","meta":[],"product_cat":[792,782,801],"product_tag":[],"aioseo_notices":[],"_links":{"self":[{"href":"https:\/\/tribedoll.com\/pl\/wp-json\/wp\/v2\/product\/20475"}],"collection":[{"href":"https:\/\/tribedoll.com\/pl\/wp-json\/wp\/v2\/product"}],"about":[{"href":"https:\/\/tribedoll.com\/pl\/wp-json\/wp\/v2\/types\/product"}],"replies":[{"embeddable":true,"href":"https:\/\/tribedoll.com\/pl\/wp-json\/wp\/v2\/comments?post=20475"}],"version-history":[{"count":1,"href":"https:\/\/tribedoll.com\/pl\/wp-json\/wp\/v2\/product\/20475\/revisions"}],"predecessor-version":[{"id":20476,"href":"https:\/\/tribedoll.com\/pl\/wp-json\/wp\/v2\/product\/20475\/revisions\/20476"}],"wp:featuredmedia":[{"embeddable":true,"href":"https:\/\/tribedoll.com\/pl\/wp-json\/wp\/v2\/media\/15950"}],"wp:attachment":[{"href":"https:\/\/tribedoll.com\/pl\/wp-json\/wp\/v2\/media?parent=20475"}],"wp:term":[{"taxonomy":"product_cat","embeddable":true,"href":"https:\/\/tribedoll.com\/pl\/wp-json\/wp\/v2\/product_cat?post=20475"},{"taxonomy":"product_tag","embeddable":true,"href":"https:\/\/tribedoll.com\/pl\/wp-json\/wp\/v2\/product_tag?post=20475"}],"curies":[{"name":"wp","href":"https:\/\/api.w.org\/{rel}","templated":true}]}}