{"id":20537,"date":"2024-04-22T12:31:12","date_gmt":"2024-04-22T12:31:12","guid":{"rendered":"https:\/\/aimdoll.com\/product\/aliexpress-tiny-love-sex-doll-flat-chest\/"},"modified":"2024-05-14T07:53:43","modified_gmt":"2024-05-14T07:53:43","slug":"aliexpress-tiny-love-sex-doll-flat-chest","status":"publish","type":"product","link":"https:\/\/tribedoll.com\/pl\/product\/aliexpress-tiny-love-sex-lalka-z-plaska-klatka-piersiowa\/","title":{"rendered":"AliExpress male\u0144ka mi\u0142o\u015b\u0107 seks lalka p\u0142aska klatka piersiowa"},"content":{"rendered":"<p>Je\u015bli chcesz mie\u0107 co\u015b, z czym mo\u017cesz sp\u0119dza\u0107 czas samotnie, to \u015bwietny pomys\u0142, aby kupi\u0107 ma\u0142\u0105 lalk\u0119 mi\u0142osn\u0105 pochodzenia azjatyckiego. Dla niekt\u00f3rych os\u00f3b mo\u017ce to nawet powodowa\u0107 uzale\u017cnienie. Te lalki mog\u0105 zapewni\u0107 poczucie komfortu i towarzystwa, czego czasami nie mog\u0105 da\u0107 nawet ludzie. Na jednostk\u0119 nie wywiera si\u0119 \u017cadnej presji, aby zareagowa\u0142a lub zachowa\u0142a si\u0119 tak, jak mo\u017cna by si\u0119 spodziewa\u0107, co mo\u017ce dla niekt\u00f3rych sprawi\u0107, \u017ce b\u0119dzie to lepsza opcja. Ten ma\u0142y rozmiar piersi wynosz\u0105cy 120 cm dodaje wyj\u0105tkowo zmys\u0142owych wra\u017ce\u0144 podczas korzystania z lalki erotycznej Furtanari. Prawdopodobnie b\u0119dzie wymaga\u0107 szczeg\u00f3lnej dba\u0142o\u015bci o szczeg\u00f3\u0142y, poniewa\u017c zalet\u0105 jest zdecydowanie poziom szczeg\u00f3\u0142owo\u015bci, kt\u00f3ry wp\u0142ywa na stworzenie realistycznego wra\u017cenia i wygl\u0105du. Nasza p\u0142aska klatka piersiowa lalki erotycznej aliexpress wykonana jest z wysokiej jako\u015bci materia\u0142\u00f3w, a proporcje lalki s\u0105 odpowiednie dla ludzkiego cia\u0142a, co daje prawdziwe i dok\u0142adne odczucie cia\u0142a. Jest idealny dla wszystkich Twoich pragnie\u0144 seksualnych.<\/p>\n<p>&nbsp;<\/p>\n<p>Wola\u0142abym lalk\u0119 o realistycznym wygl\u0105dzie i sk\u00f3rze, kt\u00f3ra jest przyjemna i mi\u0119kka, dzi\u0119ki czemu czuj\u0119 si\u0119 przytulnie, kiedy si\u0119 bawi\u0119. Podczas odgrywania r\u00f3l dobrze jest bawi\u0107 si\u0119 samotnie lub w towarzystwie innych os\u00f3b. Gwarantujemy, \u017ce nasza mini-lalka erotyczna Yumi o wysoko\u015bci 100 cm sprawi, \u017ce Twoje seksualne przygody stan\u0105 si\u0119 przyjemno\u015bci\u0105. Lalki erotyczne s\u0105 coraz lepsze, a najlepsze jest to, \u017ce staj\u0105 si\u0119 przyst\u0119pne cenowo, zapewniaj\u0105c niesko\u0144czone mo\u017cliwo\u015bci eksploracji<\/p>\n<p>&nbsp;<\/p>\n\t\t<div data-elementor-type=\"section\" data-elementor-id=\"15956\" class=\"elementor elementor-15956\" data-elementor-post-type=\"elementor_library\">\n\t\t\t<div class=\"wd-negative-gap elementor-element elementor-element-e744d45 e-flex e-con-boxed e-con e-parent\" data-id=\"e744d45\" data-element_type=\"container\">\n\t\t\t\t\t<div class=\"e-con-inner\">\n\t\t<div class=\"wd-negative-gap elementor-element elementor-element-2abc4734 e-flex e-con-boxed e-con e-child\" data-id=\"2abc4734\" data-element_type=\"container\">\n\t\t\t\t\t<div class=\"e-con-inner\">\n\t\t<div class=\"wd-negative-gap elementor-element elementor-element-e4e90d0 e-flex e-con-boxed e-con e-child\" data-id=\"e4e90d0\" data-element_type=\"container\">\n\t\t\t\t\t<div class=\"e-con-inner\">\n\t\t\t\t<div class=\"elementor-element elementor-element-2191b1a4 elementor-cta--skin-cover elementor-animated-content elementor-bg-transform elementor-bg-transform-zoom-in elementor-widget elementor-widget-call-to-action\" data-id=\"2191b1a4\" data-element_type=\"widget\" data-widget_type=\"call-to-action.default\">\n\t\t\t\t<div class=\"elementor-widget-container\">\n\t\t\t\t\t<a class=\"elementor-cta\" href=\"https:\/\/tribedoll.com\/pl\/zdjecia-lalek-erotycznych\/\">\n\t\t\t\t\t<div class=\"elementor-cta__bg-wrapper\">\n\t\t\t\t<div class=\"elementor-cta__bg elementor-bg\" style=\"background-image: url(https:\/\/tribedoll.com\/wp-content\/uploads\/2024\/04\/redirect.jpg);\" role=\"img\" aria-label=\"przeadresowa\u0107\"><\/div>\n\t\t\t\t<div class=\"elementor-cta__bg-overlay\"><\/div>\n\t\t\t<\/div>\n\t\t\t\t\t\t\t<div class=\"elementor-cta__content\">\n\t\t\t\t\n\t\t\t\t\t\t\t\t\t<h2 class=\"elementor-cta__title elementor-cta__content-item elementor-content-item elementor-animated-item--grow\">\n\t\t\t\t\t\t2500+ ma\u0142ych mini lalek erotycznych <\/br>sexdollxxx.com\t\t\t\t\t<\/h2>\n\t\t\t\t\n\t\t\t\t\t\t\t\t\t<div class=\"elementor-cta__description elementor-cta__content-item elementor-content-item elementor-animated-item--grow\">\n\t\t\t\t\t\t40 cm, 60 cm, 80 cm, 100 cm, 120 cm, 140 cm\t\t\t\t\t<\/div>\n\t\t\t\t\n\t\t\t\t\t\t\t\t\t<div class=\"elementor-cta__button-wrapper elementor-cta__content-item elementor-content-item elementor-animated-item--grow\">\n\t\t\t\t\t<span class=\"elementor-cta__button elementor-button elementor-size-md\">\n\t\t\t\t\t\tKupuj teraz\t\t\t\t\t<\/span>\n\t\t\t\t\t<\/div>\n\t\t\t\t\t\t\t<\/div>\n\t\t\t\t\t\t<\/a>\n\t\t\t\t<\/div>\n\t\t\t\t<\/div>\n\t\t\t\t\t<\/div>\n\t\t\t\t<\/div>\n\t\t\t\t\t<\/div>\n\t\t\t\t<\/div>\n\t\t\t\t\t<\/div>\n\t\t\t\t<\/div>\n\t\t\t\t<\/div>","protected":false},"excerpt":{"rendered":"<div data-elementor-type=\"section\" data-elementor-id=\"15952\" class=\"elementor elementor-15952\" data-elementor-post-type=\"elementor_library\">\n<div class=\"wd-negative-gap elementor-element elementor-element-49f97e26 e-flex e-con-boxed e-con e-parent\" data-id=\"49f97e26\" data-element_type=\"container\">\n<div class=\"e-con-inner\">\n<div class=\"wd-negative-gap elementor-element elementor-element-449b9556 e-flex e-con-boxed e-con e-child\" data-id=\"449b9556\" data-element_type=\"container\">\n<div class=\"e-con-inner\">\n<div class=\"elementor-element elementor-element-613a7c10 elementor-cta--skin-cover elementor-animated-content elementor-bg-transform elementor-bg-transform-zoom-in elementor-widget elementor-widget-call-to-action\" data-id=\"613a7c10\" data-element_type=\"widget\" data-widget_type=\"call-to-action.default\">\n<div class=\"elementor-widget-container\">\n\t\t\t<link rel=\"stylesheet\" href=\"https:\/\/tribedoll.com\/wp-content\/uploads\/elementor\/css\/custom-pro-widget-call-to-action.min.css?ver=1716098881\">\t\t<a class=\"elementor-cta\" href=\"https:\/\/tribedoll.com\/pl\/zdjecia-lalek-erotycznych\/\"><\/p>\n<div class=\"elementor-cta__bg-wrapper\">\n<div class=\"elementor-cta__bg elementor-bg\" style=\"background-image: url(https:\/\/tribedoll.com\/wp-content\/uploads\/2024\/04\/redirect-1.jpg);\" role=\"img\" aria-label=\"przekierowanie.jpg\"><\/div>\n<div class=\"elementor-cta__bg-overlay\"><\/div>\n<\/p><\/div>\n<div class=\"elementor-cta__content\">\n<h2 class=\"elementor-cta__title elementor-cta__content-item elementor-content-item elementor-animated-item--grow\">\n\t\t\t\t\t\t2500+ ma\u0142ych mini lalek erotycznych <\/br>sexdollxxx.com\t\t\t\t\t<\/h2>\n<div class=\"elementor-cta__description elementor-cta__content-item elementor-content-item elementor-animated-item--grow\">\n\t\t\t\t\t\t40 cm, 60 cm, 80 cm, 100 cm, 120 cm, 140 cm\t\t\t\t\t<\/div>\n<div class=\"elementor-cta__button-wrapper elementor-cta__content-item elementor-content-item elementor-animated-item--grow\">\n\t\t\t\t\t<span class=\"elementor-cta__button elementor-button elementor-size-md\"><br \/>\n\t\t\t\t\t\tKupuj teraz\t\t\t\t\t<\/span>\n\t\t\t\t\t<\/div>\n<\/p><\/div>\n<p>\t\t\t\t\t\t<\/a>\n\t\t\t\t<\/div>\n<\/p><\/div>\n<\/p><\/div>\n<\/p><\/div>\n<\/p><\/div>\n<\/p><\/div>\n<\/p><\/div>","protected":false},"featured_media":15950,"comment_status":"closed","ping_status":"closed","template":"","meta":[],"product_cat":[791,770,802],"product_tag":[],"aioseo_notices":[],"_links":{"self":[{"href":"https:\/\/tribedoll.com\/pl\/wp-json\/wp\/v2\/product\/20537"}],"collection":[{"href":"https:\/\/tribedoll.com\/pl\/wp-json\/wp\/v2\/product"}],"about":[{"href":"https:\/\/tribedoll.com\/pl\/wp-json\/wp\/v2\/types\/product"}],"replies":[{"embeddable":true,"href":"https:\/\/tribedoll.com\/pl\/wp-json\/wp\/v2\/comments?post=20537"}],"version-history":[{"count":2,"href":"https:\/\/tribedoll.com\/pl\/wp-json\/wp\/v2\/product\/20537\/revisions"}],"predecessor-version":[{"id":21713,"href":"https:\/\/tribedoll.com\/pl\/wp-json\/wp\/v2\/product\/20537\/revisions\/21713"}],"wp:featuredmedia":[{"embeddable":true,"href":"https:\/\/tribedoll.com\/pl\/wp-json\/wp\/v2\/media\/15950"}],"wp:attachment":[{"href":"https:\/\/tribedoll.com\/pl\/wp-json\/wp\/v2\/media?parent=20537"}],"wp:term":[{"taxonomy":"product_cat","embeddable":true,"href":"https:\/\/tribedoll.com\/pl\/wp-json\/wp\/v2\/product_cat?post=20537"},{"taxonomy":"product_tag","embeddable":true,"href":"https:\/\/tribedoll.com\/pl\/wp-json\/wp\/v2\/product_tag?post=20537"}],"curies":[{"name":"wp","href":"https:\/\/api.w.org\/{rel}","templated":true}]}}