{"id":20841,"date":"2024-04-22T12:31:44","date_gmt":"2024-04-22T12:31:44","guid":{"rendered":"https:\/\/aimdoll.com\/product\/little-china-life-like-nude-teen-sex-doll\/"},"modified":"2024-05-06T07:44:12","modified_gmt":"2024-05-06T07:44:12","slug":"little-china-life-like-nude-teen-sex-doll","status":"publish","type":"product","link":"https:\/\/tribedoll.com\/pl\/product\/zycie-w-malej-porcelanie-jak-naga-lalka-seksu-dla-nastolatkow\/","title":{"rendered":"Ma\u0142e chi\u0144skie \u017cycie jak naga lalka seksu dla nastolatk\u00f3w"},"content":{"rendered":"<p>Je\u015bli lubisz ma\u0142\u0105 lalk\u0119 erotyczn\u0105, kt\u00f3r\u0105 mo\u017cesz nosi\u0107 przy sobie, to bardzo ma\u0142a azjatycka lalka erotyczna b\u0119dzie dla Ciebie wyborem. Spermowanie mini-lalki jest wynikiem wp\u0142ywu, jaki technologia wywar\u0142a na \u017cycie m\u0142odych nastolatk\u00f3w w bran\u017cy prawdziwych lalek.<\/p>\n<p>&nbsp;<\/p>\n<p>Aby mie\u0107 pewno\u015b\u0107, \u017ce arty\u015bci lalek erotycznych otrzymaj\u0105 szczeg\u00f3\u0142y jak w lalce erotycznej tpe o niebieskich oczach 100 cm, podaj je podczas sk\u0142adania zam\u00f3wienia. Do\u015bwiadczenie seksualne z ma\u0142\u0105 chi\u0144sk\u0105 lalk\u0105 jest niekompletne bez lalki erotycznej esenia jinsan wm 163 cm. Nie ma mowy, \u017ceby\u015b nie sp\u0119dzi\u0142a ekscytuj\u0105cego czasu w \u017cyciu niczym prawdziwa nastoletnia lalka.<\/p>\n<p>&nbsp;<\/p>\n<p>Drobna naga lalka erotyczna JS o d\u0142ugo\u015bci 140 cm wywo\u0142a\u0142aby podniecenie na Twoim kutasie. Mo\u017cesz uprawia\u0107 dojrza\u0142y, m\u0142ody seks z lalk\u0105, kiedy tylko chcesz. \u017bycie jak m\u0142oda nastolatka, prawdziwa lalka, taka jak lalka seksu z p\u0142ask\u0105 klatk\u0105 piersiow\u0105 130, ma sk\u00f3r\u0119 przypominaj\u0105c\u0105 ludzk\u0105.<\/p>\n<p>&nbsp;<\/p>\n<p>&nbsp;<\/p>\n\t\t<div data-elementor-type=\"section\" data-elementor-id=\"15956\" class=\"elementor elementor-15956\" data-elementor-post-type=\"elementor_library\">\n\t\t\t<div class=\"wd-negative-gap elementor-element elementor-element-e744d45 e-flex e-con-boxed e-con e-parent\" data-id=\"e744d45\" data-element_type=\"container\">\n\t\t\t\t\t<div class=\"e-con-inner\">\n\t\t<div class=\"wd-negative-gap elementor-element elementor-element-2abc4734 e-flex e-con-boxed e-con e-child\" data-id=\"2abc4734\" data-element_type=\"container\">\n\t\t\t\t\t<div class=\"e-con-inner\">\n\t\t<div class=\"wd-negative-gap elementor-element elementor-element-e4e90d0 e-flex e-con-boxed e-con e-child\" data-id=\"e4e90d0\" data-element_type=\"container\">\n\t\t\t\t\t<div class=\"e-con-inner\">\n\t\t\t\t<div class=\"elementor-element elementor-element-2191b1a4 elementor-cta--skin-cover elementor-animated-content elementor-bg-transform elementor-bg-transform-zoom-in elementor-widget elementor-widget-call-to-action\" data-id=\"2191b1a4\" data-element_type=\"widget\" data-widget_type=\"call-to-action.default\">\n\t\t\t\t<div class=\"elementor-widget-container\">\n\t\t\t\t\t<a class=\"elementor-cta\" href=\"https:\/\/tribedoll.com\/pl\/zdjecia-lalek-erotycznych\/\">\n\t\t\t\t\t<div class=\"elementor-cta__bg-wrapper\">\n\t\t\t\t<div class=\"elementor-cta__bg elementor-bg\" style=\"background-image: url(https:\/\/tribedoll.com\/wp-content\/uploads\/2024\/04\/redirect.jpg);\" role=\"img\" aria-label=\"przeadresowa\u0107\"><\/div>\n\t\t\t\t<div class=\"elementor-cta__bg-overlay\"><\/div>\n\t\t\t<\/div>\n\t\t\t\t\t\t\t<div class=\"elementor-cta__content\">\n\t\t\t\t\n\t\t\t\t\t\t\t\t\t<h2 class=\"elementor-cta__title elementor-cta__content-item elementor-content-item elementor-animated-item--grow\">\n\t\t\t\t\t\t2500+ ma\u0142ych mini lalek erotycznych <\/br>sexdollxxx.com\t\t\t\t\t<\/h2>\n\t\t\t\t\n\t\t\t\t\t\t\t\t\t<div class=\"elementor-cta__description elementor-cta__content-item elementor-content-item elementor-animated-item--grow\">\n\t\t\t\t\t\t40 cm, 60 cm, 80 cm, 100 cm, 120 cm, 140 cm\t\t\t\t\t<\/div>\n\t\t\t\t\n\t\t\t\t\t\t\t\t\t<div class=\"elementor-cta__button-wrapper elementor-cta__content-item elementor-content-item elementor-animated-item--grow\">\n\t\t\t\t\t<span class=\"elementor-cta__button elementor-button elementor-size-md\">\n\t\t\t\t\t\tKupuj teraz\t\t\t\t\t<\/span>\n\t\t\t\t\t<\/div>\n\t\t\t\t\t\t\t<\/div>\n\t\t\t\t\t\t<\/a>\n\t\t\t\t<\/div>\n\t\t\t\t<\/div>\n\t\t\t\t\t<\/div>\n\t\t\t\t<\/div>\n\t\t\t\t\t<\/div>\n\t\t\t\t<\/div>\n\t\t\t\t\t<\/div>\n\t\t\t\t<\/div>\n\t\t\t\t<\/div>","protected":false},"excerpt":{"rendered":"<div data-elementor-type=\"section\" data-elementor-id=\"15952\" class=\"elementor elementor-15952\" data-elementor-post-type=\"elementor_library\">\n<div class=\"wd-negative-gap elementor-element elementor-element-49f97e26 e-flex e-con-boxed e-con e-parent\" data-id=\"49f97e26\" data-element_type=\"container\">\n<div class=\"e-con-inner\">\n<div class=\"wd-negative-gap elementor-element elementor-element-449b9556 e-flex e-con-boxed e-con e-child\" data-id=\"449b9556\" data-element_type=\"container\">\n<div class=\"e-con-inner\">\n<div class=\"elementor-element elementor-element-613a7c10 elementor-cta--skin-cover elementor-animated-content elementor-bg-transform elementor-bg-transform-zoom-in elementor-widget elementor-widget-call-to-action\" data-id=\"613a7c10\" data-element_type=\"widget\" data-widget_type=\"call-to-action.default\">\n<div class=\"elementor-widget-container\">\n\t\t\t<link rel=\"stylesheet\" href=\"https:\/\/tribedoll.com\/wp-content\/uploads\/elementor\/css\/custom-pro-widget-call-to-action.min.css?ver=1716098881\">\t\t<a class=\"elementor-cta\" href=\"https:\/\/tribedoll.com\/pl\/zdjecia-lalek-erotycznych\/\"><\/p>\n<div class=\"elementor-cta__bg-wrapper\">\n<div class=\"elementor-cta__bg elementor-bg\" style=\"background-image: url(https:\/\/tribedoll.com\/wp-content\/uploads\/2024\/04\/redirect-1.jpg);\" role=\"img\" aria-label=\"przekierowanie.jpg\"><\/div>\n<div class=\"elementor-cta__bg-overlay\"><\/div>\n<\/p><\/div>\n<div class=\"elementor-cta__content\">\n<h2 class=\"elementor-cta__title elementor-cta__content-item elementor-content-item elementor-animated-item--grow\">\n\t\t\t\t\t\t2500+ ma\u0142ych mini lalek erotycznych <\/br>sexdollxxx.com\t\t\t\t\t<\/h2>\n<div class=\"elementor-cta__description elementor-cta__content-item elementor-content-item elementor-animated-item--grow\">\n\t\t\t\t\t\t40 cm, 60 cm, 80 cm, 100 cm, 120 cm, 140 cm\t\t\t\t\t<\/div>\n<div class=\"elementor-cta__button-wrapper elementor-cta__content-item elementor-content-item elementor-animated-item--grow\">\n\t\t\t\t\t<span class=\"elementor-cta__button elementor-button elementor-size-md\"><br \/>\n\t\t\t\t\t\tKupuj teraz\t\t\t\t\t<\/span>\n\t\t\t\t\t<\/div>\n<\/p><\/div>\n<p>\t\t\t\t\t\t<\/a>\n\t\t\t\t<\/div>\n<\/p><\/div>\n<\/p><\/div>\n<\/p><\/div>\n<\/p><\/div>\n<\/p><\/div>\n<\/p><\/div>","protected":false},"featured_media":15950,"comment_status":"closed","ping_status":"closed","template":"","meta":[],"product_cat":[771,770,802],"product_tag":[],"aioseo_notices":[],"_links":{"self":[{"href":"https:\/\/tribedoll.com\/pl\/wp-json\/wp\/v2\/product\/20841"}],"collection":[{"href":"https:\/\/tribedoll.com\/pl\/wp-json\/wp\/v2\/product"}],"about":[{"href":"https:\/\/tribedoll.com\/pl\/wp-json\/wp\/v2\/types\/product"}],"replies":[{"embeddable":true,"href":"https:\/\/tribedoll.com\/pl\/wp-json\/wp\/v2\/comments?post=20841"}],"version-history":[{"count":1,"href":"https:\/\/tribedoll.com\/pl\/wp-json\/wp\/v2\/product\/20841\/revisions"}],"predecessor-version":[{"id":20842,"href":"https:\/\/tribedoll.com\/pl\/wp-json\/wp\/v2\/product\/20841\/revisions\/20842"}],"wp:featuredmedia":[{"embeddable":true,"href":"https:\/\/tribedoll.com\/pl\/wp-json\/wp\/v2\/media\/15950"}],"wp:attachment":[{"href":"https:\/\/tribedoll.com\/pl\/wp-json\/wp\/v2\/media?parent=20841"}],"wp:term":[{"taxonomy":"product_cat","embeddable":true,"href":"https:\/\/tribedoll.com\/pl\/wp-json\/wp\/v2\/product_cat?post=20841"},{"taxonomy":"product_tag","embeddable":true,"href":"https:\/\/tribedoll.com\/pl\/wp-json\/wp\/v2\/product_tag?post=20841"}],"curies":[{"name":"wp","href":"https:\/\/api.w.org\/{rel}","templated":true}]}}