{"id":20881,"date":"2024-04-22T12:31:48","date_gmt":"2024-04-22T12:31:48","guid":{"rendered":"https:\/\/aimdoll.com\/product\/chinese-small-siliacon-100cm-huge-tits-sex-doll\/"},"modified":"2024-05-06T08:16:27","modified_gmt":"2024-05-06T08:16:27","slug":"chinese-small-siliacon-100cm-huge-tits-sex-doll","status":"publish","type":"product","link":"https:\/\/tribedoll.com\/pl\/product\/chinska-mala-silikonowa-lalka-erotyczna-o-srednicy-100-cm-z-ogromnymi-cyckami\/","title":{"rendered":"Chi\u0144ska ma\u0142a silikonowa lalka erotyczna 100 cm z ogromnymi cyckami"},"content":{"rendered":"<p>Chi\u0144ski przemys\u0142 lalek erotycznych dla nastolatk\u00f3w wszed\u0142 w faz\u0119, w kt\u00f3rej ma\u0142a lalka silikonowa jest wzorowana na kresk\u00f3wkach. We\u017amy na przyk\u0142ad lalk\u0119 erotyczn\u0105 Raven Teen Titans. Wygl\u0105da dok\u0142adnie tak, jak mo\u017cna si\u0119 spodziewa\u0107. Poniewa\u017c seks z dzie\u0107mi jest ju\u017c legalny, mo\u017cesz wypr\u00f3bowa\u0107 ma\u0142\u0105 witryn\u0119 z lalkami erotycznymi.<\/p>\n<p>&nbsp;<\/p>\n<p>Sukienka mini baby doll z tr\u00f3jk\u0105tem mi\u0142osnym nada Twojej lalce erotycznej 180 cm seksownego wygl\u0105du. Lalka erotyczna o d\u0142ugo\u015bci 100 cm z ogromnymi cyckami zosta\u0142a zaprojektowana tak, aby mia\u0142a wzory takie jak \u017cy\u0142y. Cycki wygl\u0105daj\u0105 teraz bardziej realistycznie. Wszystkie te atrybuty sprawiaj\u0105, \u017ce Twoja osobista lalka erotyczna o \u015brednicy 100 cm z ogromnymi cyckami jest bardziej realistyczna.<\/p>\n<p>&nbsp;<\/p>\n<p>W\u015br\u00f3d dziewcz\u0105t z lalkami seksu o ma\u0142ym zasi\u0119gu, prawdziwa lalka seksu nwdoll o d\u0142ugo\u015bci 140 cm i wysoko\u015bci 4,59 stopy ma elastyczny szkielet. Szkielet wykonany jest z silikonu lub TPE, co r\u00f3wnie\u017c jest trwa\u0142e. Mo\u017cna j\u0105 r\u00f3wnie\u017c ustawi\u0107 pod r\u00f3\u017cnymi k\u0105tami seksualnymi, bez obawy o p\u0119kni\u0119cie lub rozdarcie.<\/p>\n<p>&nbsp;<\/p>\n\t\t<div data-elementor-type=\"section\" data-elementor-id=\"15956\" class=\"elementor elementor-15956\" data-elementor-post-type=\"elementor_library\">\n\t\t\t<div class=\"wd-negative-gap elementor-element elementor-element-e744d45 e-flex e-con-boxed e-con e-parent\" data-id=\"e744d45\" data-element_type=\"container\">\n\t\t\t\t\t<div class=\"e-con-inner\">\n\t\t<div class=\"wd-negative-gap elementor-element elementor-element-2abc4734 e-flex e-con-boxed e-con e-child\" data-id=\"2abc4734\" data-element_type=\"container\">\n\t\t\t\t\t<div class=\"e-con-inner\">\n\t\t<div class=\"wd-negative-gap elementor-element elementor-element-e4e90d0 e-flex e-con-boxed e-con e-child\" data-id=\"e4e90d0\" data-element_type=\"container\">\n\t\t\t\t\t<div class=\"e-con-inner\">\n\t\t\t\t<div class=\"elementor-element elementor-element-2191b1a4 elementor-cta--skin-cover elementor-animated-content elementor-bg-transform elementor-bg-transform-zoom-in elementor-widget elementor-widget-call-to-action\" data-id=\"2191b1a4\" data-element_type=\"widget\" data-widget_type=\"call-to-action.default\">\n\t\t\t\t<div class=\"elementor-widget-container\">\n\t\t\t\t\t<a class=\"elementor-cta\" href=\"https:\/\/tribedoll.com\/pl\/zdjecia-lalek-erotycznych\/\">\n\t\t\t\t\t<div class=\"elementor-cta__bg-wrapper\">\n\t\t\t\t<div class=\"elementor-cta__bg elementor-bg\" style=\"background-image: url(https:\/\/tribedoll.com\/wp-content\/uploads\/2024\/04\/redirect.jpg);\" role=\"img\" aria-label=\"przeadresowa\u0107\"><\/div>\n\t\t\t\t<div class=\"elementor-cta__bg-overlay\"><\/div>\n\t\t\t<\/div>\n\t\t\t\t\t\t\t<div class=\"elementor-cta__content\">\n\t\t\t\t\n\t\t\t\t\t\t\t\t\t<h2 class=\"elementor-cta__title elementor-cta__content-item elementor-content-item elementor-animated-item--grow\">\n\t\t\t\t\t\t2500+ ma\u0142ych mini lalek erotycznych <\/br>sexdollxxx.com\t\t\t\t\t<\/h2>\n\t\t\t\t\n\t\t\t\t\t\t\t\t\t<div class=\"elementor-cta__description elementor-cta__content-item elementor-content-item elementor-animated-item--grow\">\n\t\t\t\t\t\t40 cm, 60 cm, 80 cm, 100 cm, 120 cm, 140 cm\t\t\t\t\t<\/div>\n\t\t\t\t\n\t\t\t\t\t\t\t\t\t<div class=\"elementor-cta__button-wrapper elementor-cta__content-item elementor-content-item elementor-animated-item--grow\">\n\t\t\t\t\t<span class=\"elementor-cta__button elementor-button elementor-size-md\">\n\t\t\t\t\t\tKupuj teraz\t\t\t\t\t<\/span>\n\t\t\t\t\t<\/div>\n\t\t\t\t\t\t\t<\/div>\n\t\t\t\t\t\t<\/a>\n\t\t\t\t<\/div>\n\t\t\t\t<\/div>\n\t\t\t\t\t<\/div>\n\t\t\t\t<\/div>\n\t\t\t\t\t<\/div>\n\t\t\t\t<\/div>\n\t\t\t\t\t<\/div>\n\t\t\t\t<\/div>\n\t\t\t\t<\/div>","protected":false},"excerpt":{"rendered":"<div data-elementor-type=\"section\" data-elementor-id=\"15952\" class=\"elementor elementor-15952\" data-elementor-post-type=\"elementor_library\">\n<div class=\"wd-negative-gap elementor-element elementor-element-49f97e26 e-flex e-con-boxed e-con e-parent\" data-id=\"49f97e26\" data-element_type=\"container\">\n<div class=\"e-con-inner\">\n<div class=\"wd-negative-gap elementor-element elementor-element-449b9556 e-flex e-con-boxed e-con e-child\" data-id=\"449b9556\" data-element_type=\"container\">\n<div class=\"e-con-inner\">\n<div class=\"elementor-element elementor-element-613a7c10 elementor-cta--skin-cover elementor-animated-content elementor-bg-transform elementor-bg-transform-zoom-in elementor-widget elementor-widget-call-to-action\" data-id=\"613a7c10\" data-element_type=\"widget\" data-widget_type=\"call-to-action.default\">\n<div class=\"elementor-widget-container\">\n\t\t\t<link rel=\"stylesheet\" href=\"https:\/\/tribedoll.com\/wp-content\/uploads\/elementor\/css\/custom-pro-widget-call-to-action.min.css?ver=1716098881\">\t\t<a class=\"elementor-cta\" href=\"https:\/\/tribedoll.com\/pl\/zdjecia-lalek-erotycznych\/\"><\/p>\n<div class=\"elementor-cta__bg-wrapper\">\n<div class=\"elementor-cta__bg elementor-bg\" style=\"background-image: url(https:\/\/tribedoll.com\/wp-content\/uploads\/2024\/04\/redirect-1.jpg);\" role=\"img\" aria-label=\"przekierowanie.jpg\"><\/div>\n<div class=\"elementor-cta__bg-overlay\"><\/div>\n<\/p><\/div>\n<div class=\"elementor-cta__content\">\n<h2 class=\"elementor-cta__title elementor-cta__content-item elementor-content-item elementor-animated-item--grow\">\n\t\t\t\t\t\t2500+ ma\u0142ych mini lalek erotycznych <\/br>sexdollxxx.com\t\t\t\t\t<\/h2>\n<div class=\"elementor-cta__description elementor-cta__content-item elementor-content-item elementor-animated-item--grow\">\n\t\t\t\t\t\t40 cm, 60 cm, 80 cm, 100 cm, 120 cm, 140 cm\t\t\t\t\t<\/div>\n<div class=\"elementor-cta__button-wrapper elementor-cta__content-item elementor-content-item elementor-animated-item--grow\">\n\t\t\t\t\t<span class=\"elementor-cta__button elementor-button elementor-size-md\"><br \/>\n\t\t\t\t\t\tKupuj teraz\t\t\t\t\t<\/span>\n\t\t\t\t\t<\/div>\n<\/p><\/div>\n<p>\t\t\t\t\t\t<\/a>\n\t\t\t\t<\/div>\n<\/p><\/div>\n<\/p><\/div>\n<\/p><\/div>\n<\/p><\/div>\n<\/p><\/div>\n<\/p><\/div>","protected":false},"featured_media":15950,"comment_status":"closed","ping_status":"closed","template":"","meta":[],"product_cat":[790,803,771],"product_tag":[],"aioseo_notices":[],"_links":{"self":[{"href":"https:\/\/tribedoll.com\/pl\/wp-json\/wp\/v2\/product\/20881"}],"collection":[{"href":"https:\/\/tribedoll.com\/pl\/wp-json\/wp\/v2\/product"}],"about":[{"href":"https:\/\/tribedoll.com\/pl\/wp-json\/wp\/v2\/types\/product"}],"replies":[{"embeddable":true,"href":"https:\/\/tribedoll.com\/pl\/wp-json\/wp\/v2\/comments?post=20881"}],"version-history":[{"count":1,"href":"https:\/\/tribedoll.com\/pl\/wp-json\/wp\/v2\/product\/20881\/revisions"}],"predecessor-version":[{"id":20882,"href":"https:\/\/tribedoll.com\/pl\/wp-json\/wp\/v2\/product\/20881\/revisions\/20882"}],"wp:featuredmedia":[{"embeddable":true,"href":"https:\/\/tribedoll.com\/pl\/wp-json\/wp\/v2\/media\/15950"}],"wp:attachment":[{"href":"https:\/\/tribedoll.com\/pl\/wp-json\/wp\/v2\/media?parent=20881"}],"wp:term":[{"taxonomy":"product_cat","embeddable":true,"href":"https:\/\/tribedoll.com\/pl\/wp-json\/wp\/v2\/product_cat?post=20881"},{"taxonomy":"product_tag","embeddable":true,"href":"https:\/\/tribedoll.com\/pl\/wp-json\/wp\/v2\/product_tag?post=20881"}],"curies":[{"name":"wp","href":"https:\/\/api.w.org\/{rel}","templated":true}]}}